{"id":763,"date":"2019-04-26T15:53:14","date_gmt":"2019-04-26T15:53:14","guid":{"rendered":"https:\/\/fachschaft.physik.ruhr-uni-bochum.de\/?page_id=763"},"modified":"2025-12-01T18:20:04","modified_gmt":"2025-12-01T18:20:04","slug":"fachschaftsrat","status":"publish","type":"page","link":"https:\/\/fachschaft.physik.ruhr-uni-bochum.de\/index.php\/fachschaft\/fachschaftsrat\/","title":{"rendered":"Fachschaftsrat [FSR]"},"content":{"rendered":"\n<p class=\"has-text-align-left\">Als offizielle Vertretung der Fachschaft wird am Anfang jedes Semesters der Fachschaftsrat auf der Vollversammlung [VV] aller Studierenden der Physik gew\u00e4hlt. Diese gew\u00e4hlten Vertreter treffen sich w\u00e4hrend des Semesters regelm\u00e4\u00dfig zu \u00f6ffentlichen Fachschaftsratssitzungen. Daran k\u00f6nnen also alle Physikstudierenden teilnehmen und ihre Ideen einbringen.<\/p>\n\n\n\n<p>Wichtige Aufgaben des Fachschaftsrates sind beispielsweise<\/p>\n\n\n\n<ul class=\"wp-block-list\">\n<li>Entsendung von Vertretern in wichtige Gremien der Fakult\u00e4t,<\/li>\n\n\n\n<li>Vorbereitung und Durchf\u00fchrung der Erstsemester-Begr\u00fc\u00dfung, insbesondere auch der Erstifahrt,<\/li>\n\n\n\n<li>Organisation diverser sozialer Veranstaltungen (Weihnachtsfeier, Spieleabende, Partys uvm.),<\/li>\n\n\n\n<li>Bereitstellung und Sammlung von Altprotokollen und -klausuren<\/li>\n\n\n\n<li>Probleml\u00f6sung bei Konflikten mit Dozenten und<\/li>\n\n\n\n<li>Verteidigung der Fachschaftsr\u00e4ume gegen Unordnung, M\u00fcll, und unprovozierte extraterrestrische Angriffe.<\/li>\n<\/ul>\n\n\n\n<p><\/p>\n\n\n\n<h2 class=\"wp-block-heading\">Besetzung der \u00c4mter (WiSe 2025\/2026)<\/h2>\n\n\n\n<figure class=\"wp-block-table\"><table><tbody><tr><td><strong>Amt<\/strong><\/td><td><strong>Verantwortliche(r)<\/strong><\/td><\/tr><tr><td>Sprecherin<\/td><td>Wiktoria Pestka<br>Morag Theisen (Stellvertretung)<\/td><\/tr><tr><td>Finanzreferentin<\/td><td>Vanathy Shanmuganathan<\/td><\/tr><tr><td>Kassenwarte<\/td><td>Samantha Littmann (Kassenwart)<br>Sean Louis Haaf (Barkassenwart)<\/td><\/tr><tr><td>IT-Beauftragte<\/td><td>Maximilian Moczarski<br>Alexander Kazatsky (Assistent)<br>Pascal Hollekamp (Assistent)<br>Wiktoria Pestka (Assistent)<br>Morag Theisen (Assistent)<br>Carl Schl\u00fcter (Assistent)<\/td><\/tr><tr><td>Druide<\/td><td>Noah Eichhorn (kein Ratsmitglied)<\/td><\/tr><\/tbody><\/table><\/figure>\n\n\n\n<h2 class=\"wp-block-heading\"> Aktuelle Mitglieder, alphabetisch sortiert <\/h2>\n\n\n\n<p>\n<\/p><ul type=\"circle\">\n<li>Maren Eichmann<\/li>\n<li>Sean Louis Haaf<\/li>\n<li>Pascal Hollekamp<\/li>\n<li>Alexander Kazatsky<\/li>\n<li>Samantha Littmann<\/li>\n<li>Jasmina Mark<\/li>\n<li>Maximilian Moczarski<\/li>\n<li>Finja Niermann<\/li>\n<li>Wiktoria Pestka<\/li>\n<li>Piotr Rafa\u0142 Plewnia<\/li>\n<li>Carl Schl\u00fcter<\/li>\n<li>Vanathy Shanmuganathan<\/li>\n<li>Morag Theisen<\/li>\n   <\/ul>\n<p><\/p>\n\n\n\n<!-- <div class=\"wp-block-button\"><a class=\"wp-block-button__link\" href=\"https:\/\/fachschaft.physik.ruhr-uni-bochum.de\/index.php\/fachschaftsrat\/historiefachschaftsrate\/\">Ehemalige Fachschaftsr\u00e4te<\/a><\/div> -->\n\n\n<p><!--EndFragment--><\/p>","protected":false},"excerpt":{"rendered":"<p>Als offizielle Vertretung der Fachschaft wird am Anfang jedes Semesters der Fachschaftsrat auf der Vollversammlung [VV] aller Studierenden der Physik gew\u00e4hlt. Diese gew\u00e4hlten Vertreter treffen sich w\u00e4hrend des Semesters regelm\u00e4\u00dfig [&hellip;]<\/p>\n","protected":false},"author":20,"featured_media":0,"parent":1584,"menu_order":0,"comment_status":"closed","ping_status":"closed","template":"","meta":{"footnotes":""},"class_list":["post-763","page","type-page","status-publish","czr-hentry"],"jetpack_sharing_enabled":true,"_links":{"self":[{"href":"https:\/\/fachschaft.physik.ruhr-uni-bochum.de\/index.php\/wp-json\/wp\/v2\/pages\/763","targetHints":{"allow":["GET"]}}],"collection":[{"href":"https:\/\/fachschaft.physik.ruhr-uni-bochum.de\/index.php\/wp-json\/wp\/v2\/pages"}],"about":[{"href":"https:\/\/fachschaft.physik.ruhr-uni-bochum.de\/index.php\/wp-json\/wp\/v2\/types\/page"}],"author":[{"embeddable":true,"href":"https:\/\/fachschaft.physik.ruhr-uni-bochum.de\/index.php\/wp-json\/wp\/v2\/users\/20"}],"replies":[{"embeddable":true,"href":"https:\/\/fachschaft.physik.ruhr-uni-bochum.de\/index.php\/wp-json\/wp\/v2\/comments?post=763"}],"version-history":[{"count":64,"href":"https:\/\/fachschaft.physik.ruhr-uni-bochum.de\/index.php\/wp-json\/wp\/v2\/pages\/763\/revisions"}],"predecessor-version":[{"id":4843,"href":"https:\/\/fachschaft.physik.ruhr-uni-bochum.de\/index.php\/wp-json\/wp\/v2\/pages\/763\/revisions\/4843"}],"up":[{"embeddable":true,"href":"https:\/\/fachschaft.physik.ruhr-uni-bochum.de\/index.php\/wp-json\/wp\/v2\/pages\/1584"}],"wp:attachment":[{"href":"https:\/\/fachschaft.physik.ruhr-uni-bochum.de\/index.php\/wp-json\/wp\/v2\/media?parent=763"}],"curies":[{"name":"wp","href":"https:\/\/api.w.org\/{rel}","templated":true}]}}