{"id":739,"date":"2019-04-04T21:17:33","date_gmt":"2019-04-04T21:17:33","guid":{"rendered":"https:\/\/fachschaft.physik.ruhr-uni-bochum.de\/?page_id=739"},"modified":"2026-03-30T14:58:48","modified_gmt":"2026-03-30T14:58:48","slug":"vollversammlung","status":"publish","type":"page","link":"https:\/\/fachschaft.physik.ruhr-uni-bochum.de\/index.php\/fachschaft\/vollversammlung\/","title":{"rendered":"Fachschaftsvollversammlung [VV]"},"content":{"rendered":"\n<div data-wp-interactive=\"core\/file\" class=\"wp-block-file\"><object data-wp-bind--hidden=\"!state.hasPdfPreview\" hidden class=\"wp-block-file__embed\" data=\"https:\/\/fachschaft.physik.ruhr-uni-bochum.de\/wp-content\/uploads\/2026\/03\/Einladung-zur-Vollversammlung-der-Fachsschaft-Physik-und-Astronomie-SoSe2026.pdf\" type=\"application\/pdf\" style=\"width:100%;height:600px\" aria-label=\"Einbettung von Einladung zur Vollversammlung der Fachsschaft Physik und Astronomie SoSe2026.\"><\/object><a id=\"wp-block-file--media-847d790a-5885-4a1e-9a26-c1b8bcccdc25\" href=\"https:\/\/fachschaft.physik.ruhr-uni-bochum.de\/wp-content\/uploads\/2026\/03\/Einladung-zur-Vollversammlung-der-Fachsschaft-Physik-und-Astronomie-SoSe2026.pdf\">Einladung zur Vollversammlung der Fachsschaft Physik und Astronomie SoSe2026<\/a><a href=\"https:\/\/fachschaft.physik.ruhr-uni-bochum.de\/wp-content\/uploads\/2026\/03\/Einladung-zur-Vollversammlung-der-Fachsschaft-Physik-und-Astronomie-SoSe2026.pdf\" class=\"wp-block-file__button wp-element-button\" download aria-describedby=\"wp-block-file--media-847d790a-5885-4a1e-9a26-c1b8bcccdc25\">Herunterladen<\/a><\/div>\n\n\n\n<div data-wp-interactive=\"core\/file\" class=\"wp-block-file\"><object data-wp-bind--hidden=\"!state.hasPdfPreview\" hidden class=\"wp-block-file__embed\" data=\"https:\/\/fachschaft.physik.ruhr-uni-bochum.de\/wp-content\/uploads\/2025\/04\/Invitation_plenary_assembly_SoSe2025.pdf\" type=\"application\/pdf\" style=\"width:100%;height:600px\" aria-label=\"Einbettung von Invitation_plenary_assembly_SoSe2025.\"><\/object><a id=\"wp-block-file--media-a87f2f42-5264-4ba9-bf4e-8db8e3113b1b\" href=\"https:\/\/fachschaft.physik.ruhr-uni-bochum.de\/wp-content\/uploads\/2025\/04\/Invitation_plenary_assembly_SoSe2025.pdf\">Invitation_plenary_assembly_SoSe2025<\/a><a href=\"https:\/\/fachschaft.physik.ruhr-uni-bochum.de\/wp-content\/uploads\/2025\/04\/Invitation_plenary_assembly_SoSe2025.pdf\" class=\"wp-block-file__button wp-element-button\" download aria-describedby=\"wp-block-file--media-a87f2f42-5264-4ba9-bf4e-8db8e3113b1b\">Herunterladen<\/a><\/div>\n\n\n\n<div data-wp-interactive=\"core\/file\" class=\"wp-block-file\"><object data-wp-bind--hidden=\"!state.hasPdfPreview\" hidden class=\"wp-block-file__embed\" data=\"https:\/\/fachschaft.physik.ruhr-uni-bochum.de\/wp-content\/uploads\/2024\/12\/VVVWS2024-2.pdf\" type=\"application\/pdf\" style=\"width:100%;height:600px\" aria-label=\"Einbettung von VVVWS2024 (2).\"><\/object><a id=\"wp-block-file--media-cf05f8bf-6e4f-4a62-bf01-a6aa0dd236eb\" href=\"https:\/\/fachschaft.physik.ruhr-uni-bochum.de\/wp-content\/uploads\/2024\/12\/VVVWS2024-2.pdf\">VVVWS2024 (2)<\/a><a href=\"https:\/\/fachschaft.physik.ruhr-uni-bochum.de\/wp-content\/uploads\/2024\/12\/VVVWS2024-2.pdf\" class=\"wp-block-file__button wp-element-button\" download aria-describedby=\"wp-block-file--media-cf05f8bf-6e4f-4a62-bf01-a6aa0dd236eb\">Herunterladen<\/a><\/div>\n\n\n\n<p>Hier findet ihr alles wesentliche zur (Fachschafts-)Vollversammlung!<\/p>\n\n\n\n<p class=\"has-text-align-center has-medium-font-size\"> Frage: <strong>Was ist die VV?<\/strong><\/p>\n\n\n\n<p>Antwort: Die VollVersammlung der Mitglieder der Fachschaft Physik &amp; Astronomie, also aller Studierenden der Physik und aller immatrikulierten Doktoranden dieses Fachbereichs an der RUB, ist das mindestens einmal pro Semester stattfindende Zusammenkommen m\u00f6glichst aller Mitglieder. Hier wird i.d.R. die Fachschaftsarbeit des vergangenen Semesters vorgestellt, es wird der neue Fachschaftsrat gew\u00e4hlt, eine Liste f\u00fcr die Fakult\u00e4tsratswahl aufgestellt und beispielsweise die <a href=\"https:\/\/fachschaft.physik.ruhr-uni-bochum.de\/index.php\/download\/satzung-der-fachschaft-fur-physik-und-astronomie-13-04-2018\/\">Satzung<\/a> (quasi die &#8222;Verfassung&#8220; der Fachschaft) ge\u00e4ndert, falls notwendig. Es gibt nat\u00fcrlich noch weitere Tagesordnungspunkte, die aber auf jeder VV einmal angek\u00fcndigt werden.<\/p>\n\n\n\n<p class=\"has-text-align-center has-medium-font-size\">Frage: <strong>Was soll ICH auf der VV?<\/strong><\/p>\n\n\n\n<p class=\"has-text-align-center\">(Insbesondere: <strong>Ich habe mit der Fachschaft doch eh nichts zu tun!<\/strong>)<\/p>\n\n\n\n<p>Antwort: Das wichtigste an einer VV ist fast immer die Wahl des neuen Fachschaftsrates (FSR). Der FSR k\u00fcmmert sich w\u00e4hrend des Semesters um die Angelegenheiten der Fachschaft, organisiert Aktionen (bspw. Grillen, Erstsemesterfahrten, Feiern u.v.A.m.) und vertritt au\u00dferdem die Physik gegen\u00fcber den Gremien der Studierendenschaft (z.B. AStA oder FSVK) und auch gegen\u00fcber der Fakult\u00e4t, in deren Gremien sich seine Mitglieder zumeist tatkr\u00e4ftig einbringen. Er spricht damit auch, dreisterweise, f\u00fcr dich! Der FSR ist zudem in einer Sache vergleichbar mit der Bundesregierung: er gibt Geld aus &#8211; <strong>Dein <\/strong>Geld. Das Geld, dass aus deinen Semesterbeitr\u00e4gen beim Fachschaftsrat ankommt ist am Ende zwar gar nicht mal sooo viel, aber in Summe vielleicht doch genug, dass es <strong>Dich<\/strong> interessieren sollte, dass es nicht von irgendwelchen Hohlbirnen aus dem Fenster geworfen wird. Und genau da kannst du dich in die Arbeit des FSR einbringen &#8211; Dieser ist den Beschl\u00fcssen der VV n\u00e4mlich bedingungslos unterworfen.<\/p>\n\n\n\n<p>Und auch \u00fcber die Finanz\u00fcberwachung hinaus kannst du dich in die Arbeit des Rates und der Fachschaft einmischen: Indem du dich selbst in den FSR w\u00e4hlen l\u00e4sst oder gar f\u00fcr den Fakult\u00e4tsrat &#8211; das allerh\u00f6chste Gremium unserer Fakult\u00e4t &#8211; aufstellen l\u00e4sst, die entsprechenden Wahlen beeinflusst (Jede Stimme z\u00e4hlt! Ohne \u00dcbertreibung!) oder \u00fcber \u00c4nderungen der Satzung mitentscheidest. Eine Aufstellung zur Wahl in den FSR ist dabei auf der VV noch immer m\u00f6glich, ebenso die Eintragung in die Liste f\u00fcr die FakRat-Wahl &#8211; auch hierzu kann man sich auf der VV bewerben.<\/p>\n\n\n\n<p class=\"has-text-align-center has-medium-font-size\">Frage: <strong>Wie l\u00e4uft so eine VV ab?<\/strong><\/p>\n\n\n\n<p>Antwort: Hier einmal beispielhaft eine m\u00f6gliche Tagesordnung (die tats\u00e4chliche wird als Teil der Einladung zur VV i.d.R. ausgehangen, per Mail verschickt etc. (ohne Garantie der Aktualit\u00e4t: Die <a href=\"https:\/\/fachschaft.physik.ruhr-uni-bochum.de\/index.php\/download\/vv-einladung-sose-2019\/\">aktuelle TO<\/a>)):<\/p>\n\n\n\n<ul class=\"wp-block-list\">\n<li>Bericht des Fachschaftsrates: In diesem TOP (Tagesordnungspunkt) berichten Leute aus dem letzten Rat, was dieser so alles das letzte Semester getan hat. Das kann immer recht spannend sein, wenn man sich erinnert: <\/li>\n<\/ul>\n\n\n<div class=\"wp-block-image\">\n<figure class=\"aligncenter size-full\"><img loading=\"lazy\" decoding=\"async\" width=\"783\" height=\"439\" src=\"https:\/\/fachschaft.physik.ruhr-uni-bochum.de\/wp-content\/uploads\/2024\/03\/Screenshot_2024-03-24_18-18-50.png\" alt=\"\" class=\"wp-image-2453\" srcset=\"https:\/\/fachschaft.physik.ruhr-uni-bochum.de\/wp-content\/uploads\/2024\/03\/Screenshot_2024-03-24_18-18-50.png 783w, https:\/\/fachschaft.physik.ruhr-uni-bochum.de\/wp-content\/uploads\/2024\/03\/Screenshot_2024-03-24_18-18-50-600x336.png 600w, https:\/\/fachschaft.physik.ruhr-uni-bochum.de\/wp-content\/uploads\/2024\/03\/Screenshot_2024-03-24_18-18-50-300x168.png 300w, https:\/\/fachschaft.physik.ruhr-uni-bochum.de\/wp-content\/uploads\/2024\/03\/Screenshot_2024-03-24_18-18-50-768x431.png 768w, https:\/\/fachschaft.physik.ruhr-uni-bochum.de\/wp-content\/uploads\/2024\/03\/Screenshot_2024-03-24_18-18-50-528x297.png 528w\" sizes=\"auto, (max-width: 783px) 100vw, 783px\" \/><figcaption class=\"wp-element-caption\">Folie aus dem Bericht des Fachschaftsrates, VV WiSe 23\/24<\/figcaption><\/figure>\n<\/div>\n\n\n<ul class=\"wp-block-list\">\n<li>Bericht der Finanzbeauftragten: Dieser TOP mag zuweilen etwas dr\u00f6ge sein, ist aber notwendig, denn du musst selbstverst\u00e4ndlich sehen wie vern\u00fcnftig, nachhaltig und sorgsam wir mit deinem Geld umgehen.<\/li>\n\n\n\n<li> Berichte aus den Gremien: Hier wird aus den Fakult\u00e4tsgremien, in welchen studentische Vertreter sitzen (Fakult\u00e4tsrat, Institute, Ausch\u00fcsse zu Forschung, Lehre, Bibiliothek, QVM etc.etc.) berichtet, was diese so alles getan und gelassen haben. H\u00e4ufig ist es ganz interessant mal hinter die Kulissen der Uni-Entscheidungen zu blicken.<\/li>\n\n\n\n<li>Entlastung des alten FSR und der Finanzbeauftragten: Eher eine Formsache, denn man klopft dem alten Rat auf die Schulter und sagt: &#8222;Gut gemacht, jetzt kommen die n\u00e4chsten, f\u00fcr alles was jetzt folgt sind die verantwortlich!&#8220;<\/li>\n\n\n\n<li>Wahl des neuen Rates: hier wird es oft spannend: Alle Kandidaten, die in den neuen Fachschaftsrat eintreten m\u00f6chten, stellen sich nun kurz vor bzw. werden kurz vorgestellt. Nun ist hier vsl. die letzte Gelegenheit f\u00fcr Spontankandidaturen, die jedoch durchaus erw\u00fcnscht sind! Nach der Vorstellung wird ein Wahlleiter bestimmt und es werden Zettel ausgeteilt, auf der jeder seine Wahl machen kann. Nach Abgabe und folgender Stimmausz\u00e4hlung erfolgt die Bekanntgabe des neuen Rates.<\/li>\n\n\n\n<li>Wahl der Liste VV (jeweils im SoSe): Es wird \u00fcber die Wahlliste der VV f\u00fcr die Fakult\u00e4tsratswahl mitte des Semesters abgestimmt.<\/li>\n\n\n\n<li>Satzungs\u00e4nderungen: am Ende werden (teils leider auch formale oder b\u00fcrokratische) \u00c4nderungen an der Satzung vorgenommen, nicht selten aufgrund der Vorarbeit eines entsprechenden Arbeitskreises, sofern dies denn sinnvoll erscheint. Ist zugegebenerma\u00dfen i.d.R. nicht grundlos am Ende&#8230;<\/li>\n<\/ul>\n\n\n\n<p>Danach oder oft auch schon w\u00e4hrenddessen gibt es was zu Essen oder zu Trinken mit freundlichen Gr\u00fc\u00dfen von euren Semesterbeitr\u00e4gen!<\/p>\n\n\n\n\n","protected":false},"excerpt":{"rendered":"<p>Hier findet ihr alles wesentliche zur (Fachschafts-)Vollversammlung! Frage: Was ist die VV? Antwort: Die VollVersammlung der Mitglieder der Fachschaft Physik &amp; Astronomie, also aller Studierenden der Physik und aller immatrikulierten [&hellip;]<\/p>\n","protected":false},"author":20,"featured_media":0,"parent":1584,"menu_order":1,"comment_status":"closed","ping_status":"closed","template":"","meta":{"footnotes":""},"class_list":["post-739","page","type-page","status-publish","czr-hentry"],"jetpack_sharing_enabled":true,"_links":{"self":[{"href":"https:\/\/fachschaft.physik.ruhr-uni-bochum.de\/index.php\/wp-json\/wp\/v2\/pages\/739","targetHints":{"allow":["GET"]}}],"collection":[{"href":"https:\/\/fachschaft.physik.ruhr-uni-bochum.de\/index.php\/wp-json\/wp\/v2\/pages"}],"about":[{"href":"https:\/\/fachschaft.physik.ruhr-uni-bochum.de\/index.php\/wp-json\/wp\/v2\/types\/page"}],"author":[{"embeddable":true,"href":"https:\/\/fachschaft.physik.ruhr-uni-bochum.de\/index.php\/wp-json\/wp\/v2\/users\/20"}],"replies":[{"embeddable":true,"href":"https:\/\/fachschaft.physik.ruhr-uni-bochum.de\/index.php\/wp-json\/wp\/v2\/comments?post=739"}],"version-history":[{"count":22,"href":"https:\/\/fachschaft.physik.ruhr-uni-bochum.de\/index.php\/wp-json\/wp\/v2\/pages\/739\/revisions"}],"predecessor-version":[{"id":4973,"href":"https:\/\/fachschaft.physik.ruhr-uni-bochum.de\/index.php\/wp-json\/wp\/v2\/pages\/739\/revisions\/4973"}],"up":[{"embeddable":true,"href":"https:\/\/fachschaft.physik.ruhr-uni-bochum.de\/index.php\/wp-json\/wp\/v2\/pages\/1584"}],"wp:attachment":[{"href":"https:\/\/fachschaft.physik.ruhr-uni-bochum.de\/index.php\/wp-json\/wp\/v2\/media?parent=739"}],"curies":[{"name":"wp","href":"https:\/\/api.w.org\/{rel}","templated":true}]}}