{"id":4942,"date":"2026-03-12T12:27:53","date_gmt":"2026-03-12T12:27:53","guid":{"rendered":"https:\/\/fachschaft.physik.ruhr-uni-bochum.de\/?page_id=4942"},"modified":"2026-03-12T12:27:55","modified_gmt":"2026-03-12T12:27:55","slug":"schnuppertag","status":"publish","type":"page","link":"https:\/\/fachschaft.physik.ruhr-uni-bochum.de\/index.php\/schnuppertag\/","title":{"rendered":"Schnuppertag"},"content":{"rendered":"\n<p>Du wei\u00dft noch nicht, was Du nach dem Abi machen m\u00f6chtest, oder bist dir noch nicht ganz sicher? Du interessierst Dich daf\u00fcr, wie Dinge funktionieren? Dir gef\u00e4llt die mathematische Denkweise?<\/p>\n\n\n\n<p>Dann komme doch am <strong>09.04.2026<\/strong> zu uns in die RUB du schaue dir einen Tag im Physikstudium an! Es ist die perfekte Gelegenheit, um Fragen zu stellen, Antworten zu bekommen und Deine zuk\u00fcnftigen Kommilitonen kennen zu lernen.<\/p>\n\n\n\n<p>Was Dich erwartet:<\/p>\n\n\n\n<ul class=\"wp-block-list\">\n<li>Uni-Luft schnuppern: Dich erwarten drei spannende Vorlesungen mit echten Professoren und Professorinnen im H\u00f6rsaal, explosive Experimente und eine gemeinsame Mittagspause<\/li>\n\n\n\n<li>Insider-Infos: Du hast die M\u00f6glichkeit die Professoren und Professorinnen, und Physik-Studis alles zu fragen, sei es fachlich oder zum Studi-Leben, und realistische Einblicke zu bekommen. Au\u00dferdem werden sich Dir m\u00f6gliche Stipendien er\u00f6ffnen, mit denen Deinem Studium nichts mehr im Wege steht!<\/li>\n\n\n\n<li>Genuss: Es gibt Pizza und Stickstoffeis! Du fragst Dich, wie Stickstoffeis schmeckt oder wie es hergestellt wird? Dann komme vorbei und stille Deinen Wissensdurst bei einer Portion Eis.<\/li>\n<\/ul>\n\n\n\n<p>Man muss kein Einstein sein, um Physik zu studieren und Spa\u00df dran zu haben, auch Du hast das Zeug dazu! \u00dcberzeuge Dich selbst und komme vorbei!<\/p>\n\n\n\n\n\n<figure class=\"wp-block-table aligncenter\"><table class=\"has-fixed-layout\"><tbody><tr><td>Wo?<\/td><td class=\"has-text-align-center\" data-align=\"center\">HNB an der Ruhr-Universit\u00e4t-Bochum<\/td><\/tr><tr><td>Wann?<\/td><td class=\"has-text-align-center\" data-align=\"center\">09.04.2026 von 10:00 Uhr bis 16:00 Uhr<\/td><\/tr><tr><td>Wer?<\/td><td class=\"has-text-align-center\" data-align=\"center\">Jeder ist willkommen<br>(wir empfehlen die Teilnahme ab der Oberstufe)<\/td><\/tr><\/tbody><\/table><\/figure>\n\n\n\n<p>          <\/p>\n\n\n\n<p>Und bist auch Du am Schnuppertag dabei? Dann melde Dich doch gerne bei <a href=\"https:\/\/eveeno.com\/514250904\">evenoo<\/a> an, damit wir wissen, dass Du kommst. Falls Du fragen hast, kontaktiere uns gerne per <a href=\"mailto:fs-rat@physik.rub.de\">E-Mail<\/a>.<\/p>\n\n\n\n<p>Wir freuen uns auf Dich!<\/p>\n","protected":false},"excerpt":{"rendered":"<p>Du wei\u00dft noch nicht, was Du nach dem Abi machen m\u00f6chtest, oder bist dir noch nicht ganz sicher? Du interessierst Dich daf\u00fcr, wie Dinge funktionieren? Dir gef\u00e4llt die mathematische Denkweise? [&hellip;]<\/p>\n","protected":false},"author":18,"featured_media":0,"parent":0,"menu_order":0,"comment_status":"closed","ping_status":"closed","template":"","meta":{"footnotes":""},"class_list":["post-4942","page","type-page","status-publish","czr-hentry"],"jetpack_sharing_enabled":true,"_links":{"self":[{"href":"https:\/\/fachschaft.physik.ruhr-uni-bochum.de\/index.php\/wp-json\/wp\/v2\/pages\/4942","targetHints":{"allow":["GET"]}}],"collection":[{"href":"https:\/\/fachschaft.physik.ruhr-uni-bochum.de\/index.php\/wp-json\/wp\/v2\/pages"}],"about":[{"href":"https:\/\/fachschaft.physik.ruhr-uni-bochum.de\/index.php\/wp-json\/wp\/v2\/types\/page"}],"author":[{"embeddable":true,"href":"https:\/\/fachschaft.physik.ruhr-uni-bochum.de\/index.php\/wp-json\/wp\/v2\/users\/18"}],"replies":[{"embeddable":true,"href":"https:\/\/fachschaft.physik.ruhr-uni-bochum.de\/index.php\/wp-json\/wp\/v2\/comments?post=4942"}],"version-history":[{"count":11,"href":"https:\/\/fachschaft.physik.ruhr-uni-bochum.de\/index.php\/wp-json\/wp\/v2\/pages\/4942\/revisions"}],"predecessor-version":[{"id":4953,"href":"https:\/\/fachschaft.physik.ruhr-uni-bochum.de\/index.php\/wp-json\/wp\/v2\/pages\/4942\/revisions\/4953"}],"wp:attachment":[{"href":"https:\/\/fachschaft.physik.ruhr-uni-bochum.de\/index.php\/wp-json\/wp\/v2\/media?parent=4942"}],"curies":[{"name":"wp","href":"https:\/\/api.w.org\/{rel}","templated":true}]}}