{"id":4869,"date":"2025-12-03T14:12:40","date_gmt":"2025-12-03T14:12:40","guid":{"rendered":"https:\/\/fachschaft.physik.ruhr-uni-bochum.de\/?page_id=4869"},"modified":"2025-12-12T12:16:25","modified_gmt":"2025-12-12T12:16:25","slug":"fachschaftsrat-wise-2025-2026","status":"publish","type":"page","link":"https:\/\/fachschaft.physik.ruhr-uni-bochum.de\/index.php\/fachschaftsrat-wise-2025-2026\/","title":{"rendered":"Fachschaftsrat WiSe 2025\/2026"},"content":{"rendered":"\n<div class=\"wp-block-columns is-layout-flex wp-container-core-columns-is-layout-9d6595d7 wp-block-columns-is-layout-flex\">\n<div class=\"wp-block-column is-layout-flow wp-block-column-is-layout-flow\" style=\"flex-basis:100%\">\n<p class=\"has-text-align-left\">Als offizielle Vertretung der Fachschaft wird am Anfang jedes Semesters der Fachschaftsrat auf der Vollversammlung [VV] aller Studierenden der Physik gew\u00e4hlt. Diese gew\u00e4hlten Vertreter treffen sich w\u00e4hrend des Semesters regelm\u00e4\u00dfig zu \u00f6ffentlichen Fachschaftsratssitzungen. Daran k\u00f6nnen also alle Physikstudierenden teilnehmen und ihre Ideen einbringen.<\/p>\n\n\n\n<p>Wichtige Aufgaben des Fachschaftsrates sind beispielsweise<\/p>\n\n\n\n<ul class=\"wp-block-list\">\n<li>Entsendung von Vertretern in wichtige Gremien der Fakult\u00e4t,<\/li>\n\n\n\n<li>Vorbereitung und Durchf\u00fchrung der Erstsemester-Begr\u00fc\u00dfung, insbesondere auch der Erstifahrt,<\/li>\n\n\n\n<li>Organisation diverser sozialer Veranstaltungen (Weihnachtsfeier, Spieleabende, Partys uvm.),<\/li>\n\n\n\n<li>Bereitstellung und Sammlung von Altprotokollen und -klausuren<\/li>\n\n\n\n<li>Probleml\u00f6sung bei Konflikten mit Dozenten und<\/li>\n\n\n\n<li>Verteidigung der Fachschaftsr\u00e4ume gegen Unordnung, M\u00fcll, und unprovozierte extraterrestrische Angriffe.<\/li>\n<\/ul>\n\n\n\n<p><\/p>\n\n\n\n<h2 class=\"wp-block-heading\">Besetzung der \u00c4mter<\/h2>\n\n\n\n<figure class=\"wp-block-table is-style-stripes\">\n<table style=\"width: 100%; height: 130px;\">\n<thead>\n<tr style=\"height: 20px;\">\n<th style=\"height: 20px;\">Name<\/th>\n<th style=\"height: 20px;\">Amt<\/th>\n<\/tr>\n<\/thead>\n<tbody>\n<tr style=\"height: 20px;\">\n<td style=\"height: 20px;\">Wiktoria Pestka<\/td>\n<td style=\"height: 20px;\">Sprecherin<\/td>\n<\/tr>\n<tr style=\"height: 20px;\">\n<td style=\"height: 20px;\">Morag Theisen<\/td>\n<td style=\"height: 20px;\">Stellvertretende Sprecherin<\/td>\n<\/tr>\n<tr style=\"height: 20px;\">\n<td style=\"height: 20px;\">Vanathy Shanmuganathan<\/td>\n<td style=\"height: 20px;\">Finanzreferentin<\/td>\n<\/tr>\n<tr style=\"height: 20px;\">\n<td style=\"height: 20px;\">Samantha Littmann<\/td>\n<td style=\"height: 20px;\">Kassenwartin<\/td>\n<\/tr>\n<tr style=\"height: 20px;\">\n<td style=\"height: 20px;\">Sean Louis Haaf<\/td>\n<td style=\"height: 20px;\">Barkassenwart<\/td>\n<\/tr>\n<tr style=\"height: 20px;\">\n<td style=\"height: 10px;\">Maximilian Moczarski<\/td>\n<td style=\"height: 10px;\">IT-Verwaltung<\/td>\n<\/tr>\n<\/tbody>\n<\/table>\n<\/figure>\n<\/div>\n<\/div>\n\n\n\n<h2 class=\"wp-block-heading\">Mitglieder des Fachschaftsrats<\/h2>\n\n\n\n<ul class=\"wp-block-list\">\n<li>Maren Eichmann<\/li>\n\n\n\n<li>Sean Louis Haaf<\/li>\n\n\n\n<li>Pascal Hollekamp<\/li>\n\n\n\n<li>Alexander Kazatsky<\/li>\n\n\n\n<li>Samantha Littmann<\/li>\n\n\n\n<li>Jasmina Mark<\/li>\n\n\n\n<li>Maximilian Moczarski<\/li>\n\n\n\n<li>Finja Niermann<\/li>\n\n\n\n<li>Wiktoria Pestka<\/li>\n\n\n\n<li>Piotr Rafa\u0142 Plewnia<\/li>\n\n\n\n<li>Carl Schl\u00fcter<\/li>\n\n\n\n<li>Vanathy Shanmuganathan<\/li>\n\n\n\n<li>Morag Theisen<\/li>\n<\/ul>\n\n\n\n<h2 class=\"wp-block-heading\">Protokoll der Vollversammlung<\/h2>\n\n\n<div class='w3eden'><!-- WPDM Link Template: Default Template -->\n\n<div class=\"link-template-default card mb-2\">\n    <div class=\"card-body\">\n        <div class=\"media\">\n            <div class=\"mr-3 img-48\"><img decoding=\"async\" class=\"wpdm_icon\" alt=\"Icon\" src=\"https:\/\/fachschaft.physik.ruhr-uni-bochum.de\/wp-content\/plugins\/download-manager\/assets\/file-type-icons\/pdf.svg\" \/><\/div>\n            <div class=\"media-body\">\n                <h3 class=\"package-title\"><a href='https:\/\/fachschaft.physik.ruhr-uni-bochum.de\/index.php\/download\/protokoll-der-vollversammlumg-im-wintersemester-2025-2026\/'>Protokoll der Vollversammlumg im Wintersemester 2025\/2026<\/a><\/h3>\n                <div class=\"text-muted text-small\"><i class=\"fas fa-copy\"><\/i> 1 Datei(en) <i class=\"fas fa-hdd ml-3\"><\/i> 456.29 KB<\/div>\n            <\/div>\n            <div class=\"ml-3\">\n                <a class='wpdm-download-link download-on-click btn btn-primary ' rel='nofollow' href='#' data-downloadurl=\"https:\/\/fachschaft.physik.ruhr-uni-bochum.de\/index.php\/download\/protokoll-der-vollversammlumg-im-wintersemester-2025-2026\/?wpdmdl=4873&refresh=69d29d0a740c11775410442\">Download<\/a>\n            <\/div>\n        <\/div>\n    <\/div>\n<\/div>\n\n<\/div>\n\n\n\n\n\n<h2 class=\"wp-block-heading\">Protokolle des Fachschaftsrates<\/h2>\n\n\n\n<div class=\"wp-block-group is-vertical is-layout-flex wp-container-core-group-is-layout-8cf370e7 wp-block-group-is-layout-flex\"><div class='w3eden'>\n    <div class=''>\n\n        \n        <div id=\"content_wpdm_package_1\">\n            <div class='row'><div class='col-lg-12 col-md-6 col-12'><!-- WPDM Link Template: Default Template -->\n\n<div class=\"link-template-default card mb-2\">\n    <div class=\"card-body\">\n        <div class=\"media\">\n            <div class=\"mr-3 img-48\"><img decoding=\"async\" class=\"wpdm_icon\" alt=\"Icon\" src=\"https:\/\/fachschaft.physik.ruhr-uni-bochum.de\/wp-content\/plugins\/download-manager\/assets\/file-type-icons\/pdf.svg\" \/><\/div>\n            <div class=\"media-body\">\n                <h3 class=\"package-title\"><a href='https:\/\/fachschaft.physik.ruhr-uni-bochum.de\/index.php\/download\/protokoll-der-sitzung-des-fachschaftsrates-vom-12-01-2026\/'>Protokoll der Sitzung des Fachschaftsrates vom 12.01.2026<\/a><\/h3>\n                <div class=\"text-muted text-small\"><i class=\"fas fa-copy\"><\/i> 1 Datei(en) <i class=\"fas fa-hdd ml-3\"><\/i> 1.79 MB<\/div>\n            <\/div>\n            <div class=\"ml-3\">\n                <a class='wpdm-download-link download-on-click btn btn-primary ' rel='nofollow' href='#' data-downloadurl=\"https:\/\/fachschaft.physik.ruhr-uni-bochum.de\/index.php\/download\/protokoll-der-sitzung-des-fachschaftsrates-vom-12-01-2026\/?wpdmdl=4933&refresh=69d29d0adc6a91775410442\">Download<\/a>\n            <\/div>\n        <\/div>\n    <\/div>\n<\/div>\n\n<\/div><div class='col-lg-12 col-md-6 col-12'><!-- WPDM Link Template: Default Template -->\n\n<div class=\"link-template-default card mb-2\">\n    <div class=\"card-body\">\n        <div class=\"media\">\n            <div class=\"mr-3 img-48\"><img decoding=\"async\" class=\"wpdm_icon\" alt=\"Icon\" src=\"https:\/\/fachschaft.physik.ruhr-uni-bochum.de\/wp-content\/plugins\/download-manager\/assets\/file-type-icons\/pdf.svg\" \/><\/div>\n            <div class=\"media-body\">\n                <h3 class=\"package-title\"><a href='https:\/\/fachschaft.physik.ruhr-uni-bochum.de\/index.php\/download\/protokoll-der-sitzung-des-fachschaftsrates-vom-15-12-2025\/'>Protokoll der Sitzung des Fachschaftsrates vom 15.12.2025<\/a><\/h3>\n                <div class=\"text-muted text-small\"><i class=\"fas fa-copy\"><\/i> 1 Datei(en) <i class=\"fas fa-hdd ml-3\"><\/i> 424.20 KB<\/div>\n            <\/div>\n            <div class=\"ml-3\">\n                <a class='wpdm-download-link download-on-click btn btn-primary ' rel='nofollow' href='#' data-downloadurl=\"https:\/\/fachschaft.physik.ruhr-uni-bochum.de\/index.php\/download\/protokoll-der-sitzung-des-fachschaftsrates-vom-15-12-2025\/?wpdmdl=4930&refresh=69d29d0b4b0751775410443\">Download<\/a>\n            <\/div>\n        <\/div>\n    <\/div>\n<\/div>\n\n<\/div><div class='col-lg-12 col-md-6 col-12'><!-- WPDM Link Template: Default Template -->\n\n<div class=\"link-template-default card mb-2\">\n    <div class=\"card-body\">\n        <div class=\"media\">\n            <div class=\"mr-3 img-48\"><img decoding=\"async\" class=\"wpdm_icon\" alt=\"Icon\" src=\"https:\/\/fachschaft.physik.ruhr-uni-bochum.de\/wp-content\/plugins\/download-manager\/assets\/file-type-icons\/pdf.svg\" \/><\/div>\n            <div class=\"media-body\">\n                <h3 class=\"package-title\"><a href='https:\/\/fachschaft.physik.ruhr-uni-bochum.de\/index.php\/download\/protokoll-der-konstituierenden-sitzung-vom-25-11-2025\/'>Protokoll der konstituierenden Sitzung vom 25.11.2025<\/a><\/h3>\n                <div class=\"text-muted text-small\"><i class=\"fas fa-copy\"><\/i> 1 Datei(en) <i class=\"fas fa-hdd ml-3\"><\/i> 2.29 MB<\/div>\n            <\/div>\n            <div class=\"ml-3\">\n                <a class='wpdm-download-link download-on-click btn btn-primary ' rel='nofollow' href='#' data-downloadurl=\"https:\/\/fachschaft.physik.ruhr-uni-bochum.de\/index.php\/download\/protokoll-der-konstituierenden-sitzung-vom-25-11-2025\/?wpdmdl=4883&refresh=69d29d0bb2dd31775410443\">Download<\/a>\n            <\/div>\n        <\/div>\n    <\/div>\n<\/div>\n\n<\/div><\/div>            <div style='clear:both'><\/div><div class='text-center'><ul class='pagination wpdm-pagination pagination-centered text-center'><\/ul><\/div><div style='clear:both'><\/div>        <\/div>\n\n        <div style='clear:both'><\/div>\n    <\/div>\n<\/div>\n\n<\/div>\n\n\n","protected":false},"excerpt":{"rendered":"<p>Als offizielle Vertretung der Fachschaft wird am Anfang jedes Semesters der Fachschaftsrat auf der Vollversammlung [VV] aller Studierenden der Physik gew\u00e4hlt. Diese gew\u00e4hlten Vertreter treffen sich w\u00e4hrend des Semesters regelm\u00e4\u00dfig [&hellip;]<\/p>\n","protected":false},"author":18,"featured_media":0,"parent":0,"menu_order":0,"comment_status":"closed","ping_status":"closed","template":"","meta":{"footnotes":""},"class_list":["post-4869","page","type-page","status-publish","czr-hentry"],"jetpack_sharing_enabled":true,"_links":{"self":[{"href":"https:\/\/fachschaft.physik.ruhr-uni-bochum.de\/index.php\/wp-json\/wp\/v2\/pages\/4869","targetHints":{"allow":["GET"]}}],"collection":[{"href":"https:\/\/fachschaft.physik.ruhr-uni-bochum.de\/index.php\/wp-json\/wp\/v2\/pages"}],"about":[{"href":"https:\/\/fachschaft.physik.ruhr-uni-bochum.de\/index.php\/wp-json\/wp\/v2\/types\/page"}],"author":[{"embeddable":true,"href":"https:\/\/fachschaft.physik.ruhr-uni-bochum.de\/index.php\/wp-json\/wp\/v2\/users\/18"}],"replies":[{"embeddable":true,"href":"https:\/\/fachschaft.physik.ruhr-uni-bochum.de\/index.php\/wp-json\/wp\/v2\/comments?post=4869"}],"version-history":[{"count":6,"href":"https:\/\/fachschaft.physik.ruhr-uni-bochum.de\/index.php\/wp-json\/wp\/v2\/pages\/4869\/revisions"}],"predecessor-version":[{"id":4904,"href":"https:\/\/fachschaft.physik.ruhr-uni-bochum.de\/index.php\/wp-json\/wp\/v2\/pages\/4869\/revisions\/4904"}],"wp:attachment":[{"href":"https:\/\/fachschaft.physik.ruhr-uni-bochum.de\/index.php\/wp-json\/wp\/v2\/media?parent=4869"}],"curies":[{"name":"wp","href":"https:\/\/api.w.org\/{rel}","templated":true}]}}