{"id":471,"date":"2018-08-14T09:49:10","date_gmt":"2018-08-14T09:49:10","guid":{"rendered":"https:\/\/fachschafta.physik.ruhr-uni-bochum.de\/?page_id=471"},"modified":"2019-05-05T17:25:01","modified_gmt":"2019-05-05T17:25:01","slug":"impressum","status":"publish","type":"page","link":"https:\/\/fachschaft.physik.ruhr-uni-bochum.de\/index.php\/impressum\/","title":{"rendered":"Impressum"},"content":{"rendered":"<p>Ruhr-Universit\u00e4t Bochum<br \/>\nFachschaft f\u00fcr Physik und Astronomie<br \/>\nUniversit\u00e4tsstr. 150<br \/>\n44801 Bochum<\/p>\n<p><a href=\"mailto:fs-it@physik.rub.de\">E-Mail<\/a><\/p>\n","protected":false},"excerpt":{"rendered":"<p>Ruhr-Universit\u00e4t Bochum Fachschaft f\u00fcr Physik und Astronomie Universit\u00e4tsstr. 150 44801 Bochum E-Mail<\/p>\n","protected":false},"author":20,"featured_media":0,"parent":0,"menu_order":0,"comment_status":"closed","ping_status":"closed","template":"","meta":{"footnotes":""},"class_list":["post-471","page","type-page","status-publish","czr-hentry"],"jetpack_sharing_enabled":true,"_links":{"self":[{"href":"https:\/\/fachschaft.physik.ruhr-uni-bochum.de\/index.php\/wp-json\/wp\/v2\/pages\/471","targetHints":{"allow":["GET"]}}],"collection":[{"href":"https:\/\/fachschaft.physik.ruhr-uni-bochum.de\/index.php\/wp-json\/wp\/v2\/pages"}],"about":[{"href":"https:\/\/fachschaft.physik.ruhr-uni-bochum.de\/index.php\/wp-json\/wp\/v2\/types\/page"}],"author":[{"embeddable":true,"href":"https:\/\/fachschaft.physik.ruhr-uni-bochum.de\/index.php\/wp-json\/wp\/v2\/users\/20"}],"replies":[{"embeddable":true,"href":"https:\/\/fachschaft.physik.ruhr-uni-bochum.de\/index.php\/wp-json\/wp\/v2\/comments?post=471"}],"version-history":[{"count":4,"href":"https:\/\/fachschaft.physik.ruhr-uni-bochum.de\/index.php\/wp-json\/wp\/v2\/pages\/471\/revisions"}],"predecessor-version":[{"id":938,"href":"https:\/\/fachschaft.physik.ruhr-uni-bochum.de\/index.php\/wp-json\/wp\/v2\/pages\/471\/revisions\/938"}],"wp:attachment":[{"href":"https:\/\/fachschaft.physik.ruhr-uni-bochum.de\/index.php\/wp-json\/wp\/v2\/media?parent=471"}],"curies":[{"name":"wp","href":"https:\/\/api.w.org\/{rel}","templated":true}]}}