{"id":468,"date":"2018-08-14T09:44:01","date_gmt":"2018-08-14T09:44:01","guid":{"rendered":"https:\/\/fachschafta.physik.ruhr-uni-bochum.de\/?page_id=468"},"modified":"2018-08-14T09:44:01","modified_gmt":"2018-08-14T09:44:01","slug":"datenschutzerklaerung","status":"publish","type":"page","link":"https:\/\/fachschaft.physik.ruhr-uni-bochum.de\/index.php\/datenschutzerklaerung\/","title":{"rendered":"Datenschutzerkl\u00e4rung"},"content":{"rendered":"<div class=\"csc-header csc-header-n1\">\n<h1 class=\"csc-firstHeader\"><\/h1>\n<\/div>\n<p class=\"bodytext\">Im Folgenden informieren wir \u00fcber die Verarbeitung personenbezogener Daten bei Nutzung der Webseite www.fachschaft.physik.rub.de bzw. www.fachschaft.physik.ruhr-uni-bochum.de. Personenbezogene Daten sind alle Daten, die auf Sie pers\u00f6nlich bezogen werden k\u00f6nnen. Auf anderen Seiten der Ruhr-Universit\u00e4t Bochum k\u00f6nnen andere Bedingungen gelten.<\/p>\n<p class=\"bodytext\">Der Verantwortliche im Sinne der Datenschutz-Grundverordnung und dem Landesdatenschutzgesetz NRW ist die Ruhr-Universit\u00e4t Bochum, Universit\u00e4tsstr. 150, 44780 Bochum, Ausf\u00fchrend: Fachschaft f\u00fcr Physik und Astronomie (<a class=\"mail\" title=\"Opens window for sending email\" href=\"mailto:fachschaft@physik.rub.de\">E-Mail<\/a>)<\/p>\n<h3>Beschreibung und Umfang der Datenverarbeitung<\/h3>\n<p class=\"bodytext\">Bei jedem Aufruf unserer Internetseite sind f\u00fcr die Bereitstellung der Informationen Daten \u00fcber den aufrufenden Rechner erforderlich (erforderlich f\u00fcr die Bereitstellung der Informationen, Rechtsgrundlage Art. 6 Abs. 1, Buchst. e). Folgende Daten werden hierbei verarbeitet:<\/p>\n<ol>\n<li>Informationen \u00fcber den Browsertyp und die verwendete Version<\/li>\n<li>Das Betriebssystem des Nutzers<\/li>\n<li>Die IP-Adresse des Nutzers.<\/li>\n<li>Datum und Uhrzeit des Zugriffs<\/li>\n<li>Websites, von denen das System des Nutzers auf unsere Internetseite gelangt<\/li>\n<\/ol>\n<p class=\"bodytext\">Die Daten werden ebenfalls in den Logfiles unseres Systems f\u00fcr maximal f\u00fcnf Tage gespeichert. Eine Speicherung dieser Daten zusammen mit anderen personenbezogenen Daten des Nutzers findet nicht statt.<\/p>\n<h3>Rechtsgrundlage f\u00fcr die Datenverarbeitung<\/h3>\n<p class=\"bodytext\">Rechtsgrundlage f\u00fcr die vor\u00fcbergehende Speicherung der Daten und der Logfiles ist Art. 6 Abs. 1 lit. f DSGVO.<\/p>\n<h3>Zweck der Datenverarbeitung<\/h3>\n<p class=\"bodytext\">Die vor\u00fcbergehende Speicherung der IP-Adresse durch das System ist notwendig, um eine Auslieferung der Website an den Rechner des Nutzers zu erm\u00f6glichen. Hierf\u00fcr muss die IP-Adresse des Nutzers f\u00fcr die Dauer der Sitzung gespeichert bleiben.<\/p>\n<p class=\"bodytext\">Die Speicherung in Logfiles erfolgt, um die Funktionsf\u00e4higkeit der Website sicherzustellen. Zudem dienen uns die Daten zur Optimierung der Website und zur Sicherstellung der Sicherheit unserer informationstechnischen Systeme. Eine Auswertung der Daten zu Marketingzwecken findet in diesem Zusammenhang nicht statt.<\/p>\n<p class=\"bodytext\">In diesen Zwecken liegt auch unser berechtigtes Interesse an der Datenverarbeitung nach Art. 6 Abs. 1 lit. f DSGVO.<\/p>\n<h3>E-Mail-Kontakt<\/h3>\n<p class=\"bodytext\">Bei der Kontaktaufnahme mit uns per Email werden die von Ihnen mitgeteilten Daten (Email-Adresse, weitere von Ihnen gemachte Angaben) von uns verarbeitet und gespeichert, um ihre Fragen zu beantworten. Akten dieser Art werden an der Ruhr-Universit\u00e4t Bochum 5 Jahre aufbewahrt (erforderlich zur Erf\u00fcllung der Aufgabe, Aufbewahrungsfrist gem\u00e4\u00df Richtlinie der Ruhr-Universit\u00e4t, Rechtsgrundlage Art. 6 Abs. 1, Buchst. e).<\/p>\n<h3>Ihre Rechte als betroffene Person<\/h3>\n<p class=\"bodytext\">Werden personenbezogene Daten von Ihnen verarbeitet, sind Sie Betroffener i.S.d. DSGVO und es stehen Ihnen folgende Rechte gegen\u00fcber dem Verantwortlichen zu:<\/p>\n<p class=\"bodytext\">Sie k\u00f6nnen eine Best\u00e4tigung dar\u00fcber verlangen, ob personenbezogene Daten, die Sie betreffen, verarbeitet werden. Falls eine solche Verarbeitung vorliegt k\u00f6nnen Sie Auskunft \u00fcber den Zweck, die Daten, die Herkunft der Daten, Empf\u00e4nger von Daten (inkl. internationaler Weitergaben) sowie Dauer der Speicherung erhalten.<\/p>\n<p class=\"bodytext\">Sie haben ein Recht auf Berichtigung der Daten, falls diese unrichtig oder unvollst\u00e4ndig sind. Unter verschiedenen Voraussetzungen haben Sie das Recht die Daten L\u00f6schen zu lassen oder die Verarbeitung einzuschr\u00e4nken. Insbesondere Daten, die Sie freiwillig angegeben haben m\u00fcssen gel\u00f6scht werden, wenn Sie ihre Einwilligung zur\u00fcckziehen. Falls Daten weitergegeben wurden bezieht sich die L\u00f6schung auch auf die Empf\u00e4nger von Daten und wir werden Ihnen die Empf\u00e4nger Ihrer Daten mitteilen.<\/p>\n<p class=\"bodytext\">F\u00fcr Fragen und Beschwerden k\u00f6nnen Sie sich in jedem Fall an die zust\u00e4ndige Aufsichtsbeh\u00f6rde wenden (Landesbeauftragte f\u00fcr den Datenschutz NRW, <a class=\"external-link-new-window\" title=\"Opens external link in new window\" href=\"http:\/\/ldi.nrw.de\/\">http:\/\/ldi.nrw.de<\/a>)<\/p>\n<p class=\"bodytext\">Ebenso k\u00f6nnen Sie den Datenschutzbeauftragten der RUB unter <a>dsb(at)rub.de<\/a> erreichen. Weitere Informationen finden Sie <a class=\"external-link-new-window\" title=\"Opens external link in new window\" href=\"https:\/\/dsb.ruhr-uni-bochum.de\/\">hier<\/a>.<\/p>\n","protected":false},"excerpt":{"rendered":"<p>Im Folgenden informieren wir \u00fcber die Verarbeitung personenbezogener Daten bei Nutzung der Webseite www.fachschaft.physik.rub.de bzw. www.fachschaft.physik.ruhr-uni-bochum.de. Personenbezogene Daten sind alle Daten, die auf Sie pers\u00f6nlich bezogen werden k\u00f6nnen. Auf anderen [&hellip;]<\/p>\n","protected":false},"author":20,"featured_media":0,"parent":0,"menu_order":0,"comment_status":"closed","ping_status":"closed","template":"","meta":{"footnotes":""},"class_list":["post-468","page","type-page","status-publish","czr-hentry"],"jetpack_sharing_enabled":true,"_links":{"self":[{"href":"https:\/\/fachschaft.physik.ruhr-uni-bochum.de\/index.php\/wp-json\/wp\/v2\/pages\/468","targetHints":{"allow":["GET"]}}],"collection":[{"href":"https:\/\/fachschaft.physik.ruhr-uni-bochum.de\/index.php\/wp-json\/wp\/v2\/pages"}],"about":[{"href":"https:\/\/fachschaft.physik.ruhr-uni-bochum.de\/index.php\/wp-json\/wp\/v2\/types\/page"}],"author":[{"embeddable":true,"href":"https:\/\/fachschaft.physik.ruhr-uni-bochum.de\/index.php\/wp-json\/wp\/v2\/users\/20"}],"replies":[{"embeddable":true,"href":"https:\/\/fachschaft.physik.ruhr-uni-bochum.de\/index.php\/wp-json\/wp\/v2\/comments?post=468"}],"version-history":[{"count":2,"href":"https:\/\/fachschaft.physik.ruhr-uni-bochum.de\/index.php\/wp-json\/wp\/v2\/pages\/468\/revisions"}],"predecessor-version":[{"id":2041,"href":"https:\/\/fachschaft.physik.ruhr-uni-bochum.de\/index.php\/wp-json\/wp\/v2\/pages\/468\/revisions\/2041"}],"wp:attachment":[{"href":"https:\/\/fachschaft.physik.ruhr-uni-bochum.de\/index.php\/wp-json\/wp\/v2\/media?parent=468"}],"curies":[{"name":"wp","href":"https:\/\/api.w.org\/{rel}","templated":true}]}}