{"id":415,"date":"2018-06-21T19:49:28","date_gmt":"2018-06-21T19:49:28","guid":{"rendered":"http:\/\/forum.fachschaft.physik.rub.de\/?page_id=415"},"modified":"2024-03-20T16:53:03","modified_gmt":"2024-03-20T16:53:03","slug":"moodle","status":"publish","type":"page","link":"https:\/\/fachschaft.physik.ruhr-uni-bochum.de\/index.php\/studium\/moodle\/","title":{"rendered":"Moodle-Kurs"},"content":{"rendered":"\n<p>Der <a href=\"https:\/\/moodle.ruhr-uni-bochum.de\/course\/view.php?id=16474\" target=\"_blank\" rel=\"noreferrer noopener\">Moodle-Kurs der Fachschaft<\/a> ist ein digitales Self-Service-System f\u00fcr alle Studierenden, die ein Studienangebot der Fakult\u00e4t f\u00fcr Physik und Astronomie nutzen. Im Moodle-Kurs findet ihr Altklausuren, Skripte, Vorlesungsmitschriften, Praktikumsprotokolle sowie LaTeX-Vorlagen. Zus\u00e4tzlich gibt es dort auch fachschaftsbezogene Inhalte wie Sitzungsprotokolle, Ersti-Materialien und Ver\u00f6ffentlichungen des Rates.<\/p>\n\n\n\n<p>Um Zugriff auf die oben genannten Altklausuren zu erhalten, ist dieses Anmeldeformular herunterzuladen:<\/p>\n\n\n<div class='w3eden'><!-- WPDM Link Template: Default Template -->\n\n<div class=\"link-template-default card mb-2\">\n    <div class=\"card-body\">\n        <div class=\"media\">\n            <div class=\"mr-3 img-48\"><img decoding=\"async\" class=\"wpdm_icon\" alt=\"Icon\" src=\"https:\/\/fachschaft.physik.ruhr-uni-bochum.de\/wp-content\/plugins\/download-manager\/assets\/file-type-icons\/pdf.svg\" \/><\/div>\n            <div class=\"media-body\">\n                <h3 class=\"package-title\"><a href='https:\/\/fachschaft.physik.ruhr-uni-bochum.de\/index.php\/download\/anmeldung-moodle-kurs\/'>Anmeldung Moodle-Kurs<\/a><\/h3>\n                <div class=\"text-muted text-small\"><i class=\"fas fa-copy\"><\/i> 1 Datei(en) <i class=\"fas fa-hdd ml-3\"><\/i> 235.31 KB<\/div>\n            <\/div>\n            <div class=\"ml-3\">\n                <a class='wpdm-download-link download-on-click btn btn-primary ' rel='nofollow' href='#' data-downloadurl=\"https:\/\/fachschaft.physik.ruhr-uni-bochum.de\/index.php\/download\/anmeldung-moodle-kurs\/?wpdmdl=406&refresh=69e1963e7b6271776391742\">Download<\/a>\n            <\/div>\n        <\/div>\n    <\/div>\n<\/div>\n\n<\/div>\n<p>Dieses ist ausgef\u00fcllt und unterschrieben im Moodle-Kurs unter &#8222;Formular einreichen&#8220; einzureichen. Sofern das Formular vollst\u00e4ndig ausgef\u00fcllt und unterschrieben wurde, werdet ihr \u00fcblicherweise innerhalb weniger Tage freigeschaltet. Bei Fragen schaut gerne mal in unser <a href=\"https:\/\/fachschaft.physik.ruhr-uni-bochum.de\/index.php\/faq\/\">FAQ<\/a>.<\/p>","protected":false},"excerpt":{"rendered":"<p>Der Moodle-Kurs der Fachschaft ist ein digitales Self-Service-System f\u00fcr alle Studierenden, die ein Studienangebot der Fakult\u00e4t f\u00fcr Physik und Astronomie nutzen. Im Moodle-Kurs findet ihr Altklausuren, Skripte, Vorlesungsmitschriften, Praktikumsprotokolle sowie [&hellip;]<\/p>\n","protected":false},"author":20,"featured_media":0,"parent":1606,"menu_order":0,"comment_status":"closed","ping_status":"closed","template":"","meta":{"footnotes":""},"class_list":["post-415","page","type-page","status-publish","czr-hentry"],"jetpack_sharing_enabled":true,"_links":{"self":[{"href":"https:\/\/fachschaft.physik.ruhr-uni-bochum.de\/index.php\/wp-json\/wp\/v2\/pages\/415","targetHints":{"allow":["GET"]}}],"collection":[{"href":"https:\/\/fachschaft.physik.ruhr-uni-bochum.de\/index.php\/wp-json\/wp\/v2\/pages"}],"about":[{"href":"https:\/\/fachschaft.physik.ruhr-uni-bochum.de\/index.php\/wp-json\/wp\/v2\/types\/page"}],"author":[{"embeddable":true,"href":"https:\/\/fachschaft.physik.ruhr-uni-bochum.de\/index.php\/wp-json\/wp\/v2\/users\/20"}],"replies":[{"embeddable":true,"href":"https:\/\/fachschaft.physik.ruhr-uni-bochum.de\/index.php\/wp-json\/wp\/v2\/comments?post=415"}],"version-history":[{"count":64,"href":"https:\/\/fachschaft.physik.ruhr-uni-bochum.de\/index.php\/wp-json\/wp\/v2\/pages\/415\/revisions"}],"predecessor-version":[{"id":2415,"href":"https:\/\/fachschaft.physik.ruhr-uni-bochum.de\/index.php\/wp-json\/wp\/v2\/pages\/415\/revisions\/2415"}],"up":[{"embeddable":true,"href":"https:\/\/fachschaft.physik.ruhr-uni-bochum.de\/index.php\/wp-json\/wp\/v2\/pages\/1606"}],"wp:attachment":[{"href":"https:\/\/fachschaft.physik.ruhr-uni-bochum.de\/index.php\/wp-json\/wp\/v2\/media?parent=415"}],"curies":[{"name":"wp","href":"https:\/\/api.w.org\/{rel}","templated":true}]}}