{"id":261,"date":"2017-11-05T02:53:10","date_gmt":"2017-11-05T02:53:10","guid":{"rendered":"http:\/\/forum.fachschaft.physik.rub.de\/?page_id=261"},"modified":"2025-12-12T12:22:24","modified_gmt":"2025-12-12T12:22:24","slug":"gremien","status":"publish","type":"page","link":"https:\/\/fachschaft.physik.ruhr-uni-bochum.de\/index.php\/fachschaft\/gremien\/","title":{"rendered":"Gremien"},"content":{"rendered":"\n<p>Der Fachschaftsrat entsendet studentische Vertreter in alle wichtigen Gremien der Fakult\u00e4t. Damit nehmen wir unsere Stimme zu wichtigen Bereichen, wie der Pr\u00fcfungsordnung, der Verteilung und Verwendung von finanziellen Mitteln, Berufungskommissionen und vielem mehr war. Eine Liste von allen Gremien mit deren Beschreibung und aktuellen Mitgliedern (SoSe 2025 und WiSe 2025\/2026) liegt hier vor:<\/p>\n\n\n<h2><strong>Fakult\u00e4tsrat<\/strong><\/h2>\n<p>Der Fakult\u00e4tsrat ist das h\u00f6chste Gremium der Fakult\u00e4t und alle unten stehenden Gremien sind sozusagen seine &#8222;Arbeitskreise&#8220;. Jeder einzelne ihrer Beschl\u00fcsse muss hier final abgesegnet werden.<\/p>\n<table border=\"1\">\n<tbody>\n<tr>\n<td>\n<ul>\n<li>Maximilian Moczarski<\/li>\n<li>Hanna Schulteis<\/li>\n<li>Noah Eichhorn<\/li>\n<\/ul>\n<\/td>\n<td>\n<ul>\n<li>Wiktoria Pestka<\/li>\n<li>Pascal Hollekamp<\/li>\n<li>Alexander Kazatsky<\/li>\n<\/ul>\n<\/td>\n<\/tr>\n<\/tbody>\n<\/table>\n<h2><strong data-rich-text-format-boundary=\"true\">Bibliotheksausschuss<\/strong><\/h2>\n<p>Verwaltung der Fakult\u00e4tsbibliothek. Dazu geh\u00f6ren unter anderem die Festlegung von \u00d6ffnungszeiten, die Besprechung von Neuanschaffungen und die Verwaltung der Literatur. Im Rahmen des Umzugs in das neue Geb\u00e4ude NA wird \u00fcber das Aussortieren von alten B\u00fcchern diskutiert.<\/p>\n<table style=\"border-collapse: collapse; width: 100%;\" border=\"1\">\n<tbody>\n<tr>\n<td style=\"width: 50%;\">\n<ul>\n<li>Alexander Kazatsky<\/li>\n<\/ul>\n<\/td>\n<td style=\"width: 50%;\">\n<ul>\n<li>Pascal Hollekamp<\/li>\n<\/ul>\n<\/td>\n<\/tr>\n<\/tbody>\n<\/table>\n<h2><strong>Gleichstellungsausschuss<\/strong><\/h2>\n<p>Der Gleichstellungsausschuss besch\u00e4ftigt sich mit der wichtigen Frage der Gleichbehandlung von beispielsweise Frauen und M\u00e4nnern innerhalb wie auch au\u00dferhalb der Fakult\u00e4t.<\/p>\n<table style=\"border-collapse: collapse; width: 100%;\" border=\"1\">\n<tbody>\n<tr>\n<td style=\"width: 50%;\">\n<ul>\n<li>Nele Blume<\/li>\n<\/ul>\n<\/td>\n<td style=\"width: 50%;\">\n<ul>\n<li>Leoni Hupperts<\/li>\n<\/ul>\n<\/td>\n<\/tr>\n<\/tbody>\n<\/table>\n<h2><strong>\u00d6ffentlichkeitsarbeit<\/strong><\/h2>\n<p>Dieser Arbeitskreis organisiert die \u00d6ffentlichkeitswirksamkeit der Fakult\u00e4t. Zu den Aufgaben geh\u00f6rt zum Beispiel die Planung von Veranstaltungen wie &#8222;Saturday Morning Physics&#8220; oder die Sicherstellung der Aktualit\u00e4t der Fakult\u00e4tswebsite.<\/p>\n<table style=\"border-collapse: collapse; width: 100%;\" border=\"1\">\n<tbody>\n<tr>\n<td style=\"width: 50%;\">\n<ul>\n<li>Wiktoria Pestka<\/li>\n<li>Hanna Schulteis<\/li>\n<\/ul>\n<\/td>\n<td style=\"width: 50%;\">\n<ul>\n<li>Sandra Riens<\/li>\n<li>Jaron Sch\u00f6nwitz<\/li>\n<\/ul>\n<\/td>\n<\/tr>\n<\/tbody>\n<\/table>\n<h2><strong>Promotionsausschuss<\/strong><\/h2>\n<p>Der Pro\u00admo\u00adti\u00adons\u00adaus\u00adschuss ent\u00adschei\u00addet \u00fcber alle Fra\u00adgen, die die Ein\u00adhal\u00adtung der Pro\u00admo\u00adti\u00adons\u00adord\u00adnung be\u00adtref\u00adfen; er soll die Er\u00adle\u00addi\u00adgung der lau\u00adfen\u00adden Ge\u00adsch\u00e4f\u00adte sei\u00adner bzw. sei\u00adnem Vor\u00adsit\u00adzen\u00adden \u00fcber\u00adtra\u00adgen. Er ist Wi\u00adder\u00adspruchsinstanz im Sinne der Ver\u00adwal\u00adtungs\u00adge\u00adrichts\u00adord\u00adnung.<\/p>\n<p>Zu den Aufgaben geh\u00f6ren die Entscheidung \u00fcber die Annahme als Doktorandin oder Doktorand, die Benennung der Berichterinnen bzw. Berichter f\u00fcr die Dissertation, die Entscheidung \u00fcber die Zulassung zum Promotionsverfahren, bei Nichtbestehen die Fristsetzung f\u00fcr die Wiederholungspr\u00fcfung und der Beschluss \u00fcber Abbruch und Beendigung des Promotionsverfahrens.<\/p>\n<table style=\"border-collapse: collapse; width: 100%;\" border=\"1\">\n<tbody>\n<tr>\n<td style=\"width: 50%;\">\n<ul>\n<li>Vivien K\u00f6hler<\/li>\n<li>Philipp Bei\u00dfner<\/li>\n<\/ul>\n<\/td>\n<td style=\"width: 50%;\">\n<ul>\n<li>Elena Marci-Boehnke<\/li>\n<li>G\u00fcnther Heemann<\/li>\n<\/ul>\n<\/td>\n<\/tr>\n<\/tbody>\n<\/table>\n<h2><strong>Evaluationskommission<\/strong><\/h2>\n<p>Die Or\u00adga\u00adni\u00adsa\u00adti\u00adon und Ko\u00ador\u00addi\u00adna\u00adti\u00adon der stu\u00adden\u00adti\u00adschen Lehr\u00adver\u00adan\u00adstal\u00adtungs\u00adeva\u00adlua\u00adti\u00adon ist der Eva\u00adlu\u00ada\u00adtions\u00adkom\u00admis\u00adsion \u00fcber\u00adtra\u00adgen.<\/p>\n<p>Die Stu\u00addie\u00adren\u00adden\u00adbe\u00adfra\u00adgun\u00adgen die\u00adnen der Si\u00adche\u00adrung und Ver\u00adbes\u00adse\u00adrung der Qua\u00adli\u00adt\u00e4t und der Ef\u00adfi\u00adzi\u00adenz so\u00adwohl ein\u00adzel\u00adner Lehr\u00adver\u00adan\u00adstal\u00adtun\u00adgen als auch des ge\u00adsam\u00adten Stu\u00addi\u00aden\u00adan\u00adge\u00adbots einer wis\u00adsen\u00adschaft\u00adli\u00adchen Ein\u00adrich\u00adtung. Sie ver\u00adfol\u00adgen pri\u00adm\u00e4r das Ziel, der oder dem ein\u00adzel\u00adnen Leh\u00adren\u00adden kon\u00adstruk\u00adti\u00adve R\u00fcck\u00admel\u00addun\u00adgen be\u00adz\u00fcg\u00adlich des mit ihrer oder sei\u00adner Lehr\u00adver\u00adan\u00adstal\u00adtung ver\u00adbun\u00adde\u00adnen Lehr- und Lern\u00ader\u00adfolgs aus Sicht der an die\u00adser Lehr\u00adver\u00adan\u00adstal\u00adtung teil\u00adneh\u00admen\u00adden Stu\u00addie\u00adren\u00adden zu geben.<\/p>\n<table style=\"border-collapse: collapse; width: 100%;\" border=\"1\">\n<tbody>\n<tr>\n<td style=\"width: 50%;\">\n<ul>\n<li>Nele Blume<\/li>\n<li>Hanna Schulteis<\/li>\n<\/ul>\n<\/td>\n<td style=\"width: 50%;\">\n<ul>\n<li>Samantha Littmann<\/li>\n<li>Vanathy Shanmuganathan<\/li>\n<\/ul>\n<\/td>\n<\/tr>\n<\/tbody>\n<\/table>\n<h2><strong>Qualit\u00e4tsverbesserungskommission<\/strong><\/h2>\n<p>Verteilt die Qualit\u00e4tsverbesserungsmittel, d.h. es werden Gelder bereitgestellt, die die Qualit\u00e4t von Studium und Lehre verbessern sollen. Dazu geh\u00f6rt beispielsweise die H\u00f6rsaalausstattung, die Bibliothek, der Vorkurs etc.<\/p>\n<table style=\"border-collapse: collapse; width: 100%;\" border=\"1\">\n<tbody>\n<tr>\n<td style=\"width: 50%;\">\n<ul>\n<li>Maximilian Moczarski<\/li>\n<li>Jasmina Mark<\/li>\n<li>Sandra Riens<\/li>\n<li>Pascal Hollekamp<\/li>\n<li>Hanna Schulteis<\/li>\n<\/ul>\n<\/td>\n<td style=\"width: 50%;\">\n<ul>\n<li>Noah Eichhorn<\/li>\n<li>Alexander Kazatsky<\/li>\n<li>G\u00fcnther Heemann<\/li>\n<li>Beatrice Bangert<\/li>\n<li>Jaron Sch\u00f6nwitz<\/li>\n<\/ul>\n<\/td>\n<\/tr>\n<\/tbody>\n<\/table>\n<h2><strong>Pr\u00fcfungsausschuss<\/strong><\/h2>\n<p>Der Pr\u00fc\u00adfungs\u00adaus\u00adschuss ach\u00adtet dar\u00adauf, dass die Be\u00adstim\u00admun\u00adgen der Pr\u00fc\u00adfungs\u00adord\u00adnung ein\u00adge\u00adhal\u00adten wer\u00adden und sorgt f\u00fcr die ord\u00adnungs\u00adge\u00adm\u00e4\u00ad\u00dfe Durch\u00adf\u00fch\u00adrung der Pr\u00fc\u00adfun\u00adgen. Au\u00dferdem wird entschieden, wer Themsteller und wer Pr\u00fcfer bei Bachelor- bzw. Masterarbeiten ist.<\/p>\n<table style=\"border-collapse: collapse; width: 100%;\" border=\"1\">\n<tbody>\n<tr>\n<td style=\"width: 50%;\">\n<ul>\n<li>Hanna Schulteis<\/li>\n<li>Maximilian Moczarski<\/li>\n<\/ul>\n<\/td>\n<td style=\"width: 50%;\">\n<ul>\n<li>Noah Eichhorn<\/li>\n<li>G\u00fcnther Heemann<\/li>\n<\/ul>\n<\/td>\n<\/tr>\n<\/tbody>\n<\/table>\n<h2><strong>Struktur- und Finanzkommission<\/strong><\/h2>\n<p>Die Struktur- und Finanzkommission wurde mit der neuen Fakult\u00e4tsordnung (AB-1676) eingef\u00fchrt und \u00fcbernimmt die Aufgaben des Ausschusses f\u00fcr Strukturentwicklung und des Finanzausschusses, welche h\u00e4ufig in beiden Diskutiert werden mussten.<\/p>\n<p>Sie ber\u00e4t den Fakult\u00e4tsrat bei der Planung der Finanzen der Fakult\u00e4t, unterst\u00fctzt jedoch auch beim Ausarbeiten von Ordnungen, sowie bei der Planung des Umzugs ins NA.<\/p>\n<table style=\"border-collapse: collapse; width: 100%;\" border=\"1\">\n<tbody>\n<tr>\n<td style=\"width: 50%;\">\n<ul>\n<li>Samantha Littmann<\/li>\n<li>Vanathy Shanmuganathan<\/li>\n<\/ul>\n<\/td>\n<td style=\"width: 50%;\">\n<ul>\n<li>Maximilian Moczarski<\/li>\n<li>Pascal Hollekamp<\/li>\n<\/ul>\n<\/td>\n<\/tr>\n<\/tbody>\n<\/table>\n<h2><strong>Ausschuss Institut Experimentalphysik<\/strong><\/h2>\n<p>Organisiert die Verteilung der Dozenten auf die Lehrveranstaltungen der Experimentalphysik. Zu den Lehrveranstaltungen geh\u00f6ren zum Beispiel &#8222;Physik I &#8211; IV&#8220; oder &#8222;Physik f\u00fcr Biologen&#8220;. Au\u00dferdem wird f\u00fcr den Austausch von Technikern gesorgt.<\/p>\n<table style=\"border-collapse: collapse; width: 100%;\" border=\"1\">\n<tbody>\n<tr>\n<td style=\"width: 50%;\">\n<ul>\n<li>Noah Eichhorn<\/li>\n<li>Amanda Mischo<\/li>\n<\/ul>\n<\/td>\n<td style=\"width: 50%;\">\n<ul>\n<li>Hanna Schulteis<\/li>\n<li>Vanathy Shanmuganathan<\/li>\n<\/ul>\n<\/td>\n<\/tr>\n<\/tbody>\n<\/table>\n<h2><strong>Ausschuss Institut Theoretische Physik<\/strong><\/h2>\n<p>Sorgt f\u00fcr eine angemessene Verteilung der Dozenten auf die Lehrveranstaltungen der Theoretischen Physik.<\/p>\n<table style=\"border-collapse: collapse; width: 100%;\" border=\"1\">\n<tbody>\n<tr>\n<td style=\"width: 50%;\">\n<ul>\n<li>Vivien K\u00f6hler<\/li>\n<li>Alexander Kazatsky<\/li>\n<\/ul>\n<\/td>\n<td style=\"width: 50%;\">\n<ul>\n<li>Maximilian Moczarski<\/li>\n<li>Amanda Mischo<\/li>\n<\/ul>\n<\/td>\n<\/tr>\n<\/tbody>\n<\/table>\n<h2><strong>Pr\u00fcfungsausschuss Medizinische Physik<\/strong><\/h2>\n<p>K\u00fcmmert sich um die Pr\u00fcfungsordnung des Kooperationsstudiengangs von der RUB mit der TU Dortmund.<\/p>\n<table style=\"border-collapse: collapse; width: 100%;\" border=\"1\">\n<tbody>\n<tr>\n<td style=\"width: 50%;\">\n<ul>\n<li>Noah Eichhorn<\/li>\n<\/ul>\n<\/td>\n<td style=\"width: 50%;\">\n<ul>\n<li>Pascal Hollekamp<\/li>\n<\/ul>\n<\/td>\n<\/tr>\n<\/tbody>\n<\/table>\n<h2><strong>Studienbeirat<\/strong><\/h2>\n<p>Der Stu\u00addi\u00aden\u00adbei\u00adrat ber\u00e4t den Fa\u00adkul\u00adt\u00e4ts\u00adrat und das De\u00adka\u00adnat in allen in deren Zu\u00adst\u00e4n\u00addig\u00adkeit lie\u00adgen\u00adden An\u00adge\u00adle\u00adgen\u00adheiten der Lehre, des Stu\u00addi\u00adums und der Pr\u00fc\u00adfun\u00adgen. Er nimmt Stel\u00adlung zu den Ent\u00adw\u00fcr\u00adfen von Stu\u00addien- und Pr\u00fc\u00adfungs\u00adord\u00adnun\u00adgen, macht Vor\u00adschl\u00e4\u00adge zu ihrer Ver\u00adbes\u00adse\u00adrung und kann An\u00adtr\u00e4\u00adge stel\u00adlen.<\/p>\n<table style=\"border-collapse: collapse; width: 100%;\" border=\"1\">\n<tbody>\n<tr>\n<td style=\"width: 50%;\">\n<ul>\n<li>Noah Eichhorn<\/li>\n<li>Wiktoria Pestka<\/li>\n<li>Pascal Hollekamp<\/li>\n<li>Maximilian Moczarski<\/li>\n<li>Hanna Schulteis<\/li>\n<li>Alexander Kazatsky<\/li>\n<\/ul>\n<\/td>\n<td style=\"width: 50%;\">\n<ul>\n<li>Jasmina Mark<\/li>\n<li>Nele Blume<\/li>\n<li>Samantha Littman<\/li>\n<li>Sandra Riens<\/li>\n<li>G\u00fcnther Heemann<\/li>\n<li>Beatrice Bangert<\/li>\n<\/ul>\n<\/td>\n<\/tr>\n<\/tbody>\n<\/table>\n<h2><strong>Beirat Servicezentrum Physik<br \/><\/strong><\/h2>\n<p>Soll die Quervernetzung der Veranstaltung mit dem Studium in diesem Fachbereich unterst\u00fctzen.<\/p>\n<table style=\"border-collapse: collapse; width: 100%; height: 77px;\" border=\"1\">\n<tbody>\n<tr style=\"height: 77px;\">\n<td style=\"width: 50%; height: 77px;\">\n<ul>\n<li>Pascal Hollekamp<\/li>\n<\/ul>\n<\/td>\n<td style=\"width: 50%; height: 77px;\">\n<ul>\n<li>Jaron Sch\u00f6nwitz<\/li>\n<\/ul>\n<\/td>\n<\/tr>\n<\/tbody>\n<\/table>\n<h2><strong>Arbeitsgruppe Digitalisierung<\/strong><\/h2>\n<table style=\"border-collapse: collapse; width: 100%; height: 77px;\" border=\"1\">\n<tbody>\n<tr style=\"height: 77px;\">\n<td style=\"width: 50%; height: 77px;\">\n<ul>\n<li>Noah Eichhorn<\/li>\n<li>Pascal Hollekamp<\/li>\n<\/ul>\n<\/td>\n<td style=\"width: 50%; height: 77px;\">\n<ul>\n<li>Jaron Sch\u00f6nwitz<\/li>\n<li>Wiktoria Pestka<\/li>\n<\/ul>\n<\/td>\n<\/tr>\n<\/tbody>\n<\/table>\n<h2><strong>Nutzerverwaltung IT Services<\/strong><\/h2>\n<table style=\"border-collapse: collapse; width: 100%; height: 61px;\" border=\"1\">\n<tbody>\n<tr style=\"height: 61px;\">\n<td style=\"width: 50%; height: 61px;\">\n<ul>\n<li>Alexander Kazatsky<\/li>\n<\/ul>\n<\/td>\n<td style=\"width: 50%; height: 61px;\">\n<ul>\n<li>Pascal Hollekamp<\/li>\n<\/ul>\n<\/td>\n<\/tr>\n<\/tbody>\n<\/table>\n\n\n<h2 class=\"wp-block-heading\"><strong>Ausschuss Astronomisches Institut<\/strong><\/h2>\n\n\n\n<table style=\"border-collapse: collapse; width: 100%; height: 61px;\" border=\"1\">\n<tbody>\n<tr style=\"height: 61px;\">\n<td style=\"width: 50%; height: 61px;\">\n<ul>\n<li>G\u00fcnther Heemann<\/li>\n<li>Henri Cecatka<\/li>\n<\/ul>\n<\/td>\n<td style=\"width: 50%; height: 61px;\">\n<ul>\n<li>Wiktoria Pestka<\/li>\n<li>Jasmina Mark<\/li>\n<\/ul>\n<\/td>\n<\/tr>\n<\/tbody>\n<\/table>\n\n\n\n\n","protected":false},"excerpt":{"rendered":"<p>Der Fachschaftsrat entsendet studentische Vertreter in alle wichtigen Gremien der Fakult\u00e4t. Damit nehmen wir unsere Stimme zu wichtigen Bereichen, wie der Pr\u00fcfungsordnung, der Verteilung und Verwendung von finanziellen Mitteln, Berufungskommissionen [&hellip;]<\/p>\n","protected":false},"author":20,"featured_media":0,"parent":1584,"menu_order":0,"comment_status":"closed","ping_status":"closed","template":"","meta":{"footnotes":""},"class_list":["post-261","page","type-page","status-publish","czr-hentry"],"jetpack_sharing_enabled":true,"_links":{"self":[{"href":"https:\/\/fachschaft.physik.ruhr-uni-bochum.de\/index.php\/wp-json\/wp\/v2\/pages\/261","targetHints":{"allow":["GET"]}}],"collection":[{"href":"https:\/\/fachschaft.physik.ruhr-uni-bochum.de\/index.php\/wp-json\/wp\/v2\/pages"}],"about":[{"href":"https:\/\/fachschaft.physik.ruhr-uni-bochum.de\/index.php\/wp-json\/wp\/v2\/types\/page"}],"author":[{"embeddable":true,"href":"https:\/\/fachschaft.physik.ruhr-uni-bochum.de\/index.php\/wp-json\/wp\/v2\/users\/20"}],"replies":[{"embeddable":true,"href":"https:\/\/fachschaft.physik.ruhr-uni-bochum.de\/index.php\/wp-json\/wp\/v2\/comments?post=261"}],"version-history":[{"count":49,"href":"https:\/\/fachschaft.physik.ruhr-uni-bochum.de\/index.php\/wp-json\/wp\/v2\/pages\/261\/revisions"}],"predecessor-version":[{"id":4906,"href":"https:\/\/fachschaft.physik.ruhr-uni-bochum.de\/index.php\/wp-json\/wp\/v2\/pages\/261\/revisions\/4906"}],"up":[{"embeddable":true,"href":"https:\/\/fachschaft.physik.ruhr-uni-bochum.de\/index.php\/wp-json\/wp\/v2\/pages\/1584"}],"wp:attachment":[{"href":"https:\/\/fachschaft.physik.ruhr-uni-bochum.de\/index.php\/wp-json\/wp\/v2\/media?parent=261"}],"curies":[{"name":"wp","href":"https:\/\/api.w.org\/{rel}","templated":true}]}}