{"id":1584,"date":"2021-04-07T18:19:14","date_gmt":"2021-04-07T18:19:14","guid":{"rendered":"https:\/\/fachschaft.physik.ruhr-uni-bochum.de\/?page_id=1584"},"modified":"2021-08-17T16:32:33","modified_gmt":"2021-08-17T16:32:33","slug":"fachschaft","status":"publish","type":"page","link":"https:\/\/fachschaft.physik.ruhr-uni-bochum.de\/index.php\/fachschaft\/","title":{"rendered":"Fachschaft"},"content":{"rendered":"\n<p><strong>Alle<\/strong> <strong>Studierenden<\/strong> der Ruhr-Universit\u00e4t Bochum bilden gemeinsam die <strong>Studierendenschaft<\/strong>, welche sich widerum entsprechend der Studienrichtungen in Fachschaften gliedert. Die <strong>Fachschaft f\u00fcr Physik und Astronomie<\/strong> ist der Zusammenschluss aller Studierenden der Physik; <strong>alle Studierenden der Fakult\u00e4t<\/strong> f\u00fcr Physik und Astronomie, einschlie\u00dflich der Promotionsstudierenden, sind <strong>Mitglieder dieser Fachschaft<\/strong>. Jedes Semester tagt die Fachschaftsvollversammlung der Mitglieder, quasi die Legislative der Fachschaft, und w\u00e4hlt insbesondere einen Fachschaftsrat, welcher im Grunde die Exekutive der Fachschaft darstellt.<\/p>\n<p>In diesem Bereich wollen wir \u00fcber die Fachschaft und ihren Platz in der Struktur der Fakult\u00e4t informieren, insbesondere \u00fcber die <strong>Vollversammlung<\/strong>, den (aktuellen) <strong>Fachschaftsrat<\/strong> und die Arbeit des Rates in den <strong>Gremien<\/strong>. Falls du gerne Informationen zu unseren Aktivit\u00e4ten und Angeboten erhalten m\u00f6chtest, dann tritt auch gerne unserem <a href=\"https:\/\/fachschaft.physik.ruhr-uni-bochum.de\/index.php\/fachschaft\/newsletter\/\">Newsletter<\/a> bei.<\/p>\n\n\n\n<h2>Organigramm der Ruhr-Universit\u00e4t Bochum<\/h2>\n<p>Das folgende Organigramm ist als <strong>grobe \u00dcbersicht<\/strong> \u00fcber die Verbindungen der\u00a0 Gremien gedacht. Die Studierendenschaft und die Hochschulverwaltung sind parallele Organisationen, welche gemeinsam die Ruhr-Universit\u00e4t Bochum darstellen. Dabei unterteilen sich beide Organisationen in Fachschaften bzw. Fakult\u00e4ten, welche weitgehende Selbstverwaltungsrechte besitzen. Als Studierender und damit Mitglied der RUB bist du <strong>wahlberechtigt<\/strong> f\u00fcr das Studierendenparlament und deinen Fachschaftsrat, sowie f\u00fcr die studentischen Mitglieder des Senats und deines Fakult\u00e4tsrates!<\/p>\n\n\n\n<p><img loading=\"lazy\" decoding=\"async\" class=\"aligncenter wp-image-1775 size-full\" src=\"https:\/\/fachschaft.physik.ruhr-uni-bochum.de\/wp-content\/uploads\/2021\/08\/Organigramm.jpg\" alt=\"\" width=\"1123\" height=\"643\" srcset=\"https:\/\/fachschaft.physik.ruhr-uni-bochum.de\/wp-content\/uploads\/2021\/08\/Organigramm.jpg 1123w, https:\/\/fachschaft.physik.ruhr-uni-bochum.de\/wp-content\/uploads\/2021\/08\/Organigramm-600x344.jpg 600w, https:\/\/fachschaft.physik.ruhr-uni-bochum.de\/wp-content\/uploads\/2021\/08\/Organigramm-300x172.jpg 300w, https:\/\/fachschaft.physik.ruhr-uni-bochum.de\/wp-content\/uploads\/2021\/08\/Organigramm-1024x586.jpg 1024w, https:\/\/fachschaft.physik.ruhr-uni-bochum.de\/wp-content\/uploads\/2021\/08\/Organigramm-768x440.jpg 768w\" sizes=\"auto, (max-width: 1123px) 100vw, 1123px\" \/><\/p>\n","protected":false},"excerpt":{"rendered":"<p>Alle Studierenden der Ruhr-Universit\u00e4t Bochum bilden gemeinsam die Studierendenschaft, welche sich widerum entsprechend der Studienrichtungen in Fachschaften gliedert. Die Fachschaft f\u00fcr Physik und Astronomie ist der Zusammenschluss aller Studierenden der [&hellip;]<\/p>\n","protected":false},"author":20,"featured_media":0,"parent":0,"menu_order":0,"comment_status":"closed","ping_status":"closed","template":"","meta":{"footnotes":""},"class_list":["post-1584","page","type-page","status-publish","czr-hentry"],"jetpack_sharing_enabled":true,"_links":{"self":[{"href":"https:\/\/fachschaft.physik.ruhr-uni-bochum.de\/index.php\/wp-json\/wp\/v2\/pages\/1584","targetHints":{"allow":["GET"]}}],"collection":[{"href":"https:\/\/fachschaft.physik.ruhr-uni-bochum.de\/index.php\/wp-json\/wp\/v2\/pages"}],"about":[{"href":"https:\/\/fachschaft.physik.ruhr-uni-bochum.de\/index.php\/wp-json\/wp\/v2\/types\/page"}],"author":[{"embeddable":true,"href":"https:\/\/fachschaft.physik.ruhr-uni-bochum.de\/index.php\/wp-json\/wp\/v2\/users\/20"}],"replies":[{"embeddable":true,"href":"https:\/\/fachschaft.physik.ruhr-uni-bochum.de\/index.php\/wp-json\/wp\/v2\/comments?post=1584"}],"version-history":[{"count":13,"href":"https:\/\/fachschaft.physik.ruhr-uni-bochum.de\/index.php\/wp-json\/wp\/v2\/pages\/1584\/revisions"}],"predecessor-version":[{"id":1999,"href":"https:\/\/fachschaft.physik.ruhr-uni-bochum.de\/index.php\/wp-json\/wp\/v2\/pages\/1584\/revisions\/1999"}],"wp:attachment":[{"href":"https:\/\/fachschaft.physik.ruhr-uni-bochum.de\/index.php\/wp-json\/wp\/v2\/media?parent=1584"}],"curies":[{"name":"wp","href":"https:\/\/api.w.org\/{rel}","templated":true}]}}